{"id":236667,"date":"2022-03-05T08:36:01","date_gmt":"2022-03-05T14:36:01","guid":{"rendered":"https:\/\/www.jlibusiness.com\/?page_id=236667"},"modified":"2022-07-01T02:24:31","modified_gmt":"2022-07-01T07:24:31","slug":"client-testimonials","status":"publish","type":"page","link":"https:\/\/jlibusiness.com\/es\/client-testimonials\/","title":{"rendered":"Testimonios"},"content":{"rendered":"<p>[et_pb_section fb_built=&#8221;1&#8243; _builder_version=&#8221;4.16&#8243; _module_preset=&#8221;default&#8221; background_enable_color=&#8221;off&#8221; global_colors_info=&#8221;{}&#8221;][et_pb_row _builder_version=&#8221;4.16&#8243; _module_preset=&#8221;default&#8221; background_color=&#8221;#CDDDE3&#8243; custom_padding=&#8221;||5px||false|false&#8221; global_colors_info=&#8221;{}&#8221;][et_pb_column type=&#8221;4_4&#8243; _builder_version=&#8221;4.16&#8243; _module_preset=&#8221;default&#8221; global_colors_info=&#8221;{}&#8221;][el_md_testimonial_extended use_slider=&#8221;off&#8221; number_of_columns=&#8221;1&#8243; testimonial_order=&#8221;ASC&#8221; include_categories=&#8221;11&#8243; _builder_version=&#8221;4.16&#8243; _module_preset=&#8221;default&#8221; global_colors_info=&#8221;{}&#8221;][\/el_md_testimonial_extended][\/et_pb_column][\/et_pb_row][\/et_pb_section]<\/p>\n","protected":false},"excerpt":{"rendered":"<div class=\"et_pb_module el_md_testimonial_extended el_md_testimonial_extended_0  et_pb_text_align_center\">\n\t\t\t\t\n\t\t\t\t\n\t\t\t\t\n\t\t\t\t\n\t\t\t\t\n\t\t\t\t\n\t\t\t\t<div class=\"et_pb_module_inner\">\n\t\t\t\t\t<div class=\"el-testimonial-layout layout1 el-testimonial-cols-1\"><div id=\"el-single-testimonial-236618\" class=\"swiper-slide el-single-testimonial-card\"><div class=\"el-testimonial-desc\"><span class=\"el-quote-opening el_md_default_opening_icon\">{<\/span>Soy la contadora de CBE Pallets and More. Como reci\u00e9n graduada con mi t\u00edtulo en contabilidad, he aprendido mucho m\u00e1s con Laura sobre c\u00f3mo completar varias tareas dentro de QuickBooks.\r\nEl negocio de JL ha sido una gran ayuda con la asistencia a CBE con cualquier pregunta que pueda haber tenido con la contabilidad o QuickBooks. Ellos han hecho el acto de tener un negocio un poco m\u00e1s f\u00e1cil, en la forma m\u00e1s grande, para nosotros aqu\u00ed en CBE. \u00a1Se lo agradecemos!<\/div><div class=\"el-testimonial-meta\"><div class=\"el-testimonial-portrait rounded\"><img decoding=\"async\" alt=\"mystery person\" src=\"https:\/\/jlibusiness.com\/wp-content\/plugins\/divi-testimonial-extended\/includes\/assets\/mystery-person.jpg\" class=\"el-mystery-person\" \/><\/div><div class=\"el-testimonial-rating\"><span itemprop=\"reviewRating\" itemscope itemtype=\"http:\/\/schema.org\/Rating\"><span class=\"rating-value\" itemprop=\"ratingValue\">5<\/span><span class=\"el-rated\"><\/span><span class=\"el-rated\"><\/span><span class=\"el-rated\"><\/span><span class=\"el-rated\"><\/span><span class=\"el-rated\"><\/span><\/span><\/div><div class=\"el-testimonial-name\">\n                                    Felicia Lockhart\n                                    <\/div><div class=\"el-testimonial-credit\"><span class=\"el-testimonial-company\">\n                                                <a href=\"\/es\/cbepalletsandmore.com\/\" target=\"_blank\" rel=\"nofollow\">\n                                                    CBE Palets y m\u00e1s\n                                                <\/a>\n                                            <\/span><\/div><\/div><\/div><\/div>\n\t\t\t\t<\/div>\n\t\t\t<\/div>","protected":false},"author":1,"featured_media":6475,"parent":0,"menu_order":0,"comment_status":"closed","ping_status":"closed","template":"","meta":{"_et_pb_use_builder":"on","_et_pb_old_content":"","_et_gb_content_width":"","footnotes":""},"class_list":["post-236667","page","type-page","status-publish","has-post-thumbnail","hentry"],"yoast_head":"<!-- This site is optimized with the Yoast SEO plugin v27.4 - https:\/\/yoast.com\/product\/yoast-seo-wordpress\/ -->\n<title>Testimonials - JL Integrated Business Services LLC<\/title>\n<meta name=\"robots\" content=\"index, follow, max-snippet:-1, max-image-preview:large, max-video-preview:-1\" \/>\n<link rel=\"canonical\" href=\"https:\/\/jlibusiness.com\/es\/client-testimonials\/\" \/>\n<meta property=\"og:locale\" content=\"es_MX\" \/>\n<meta property=\"og:type\" content=\"article\" \/>\n<meta property=\"og:title\" content=\"Testimonials - JL Integrated Business Services LLC\" \/>\n<meta property=\"og:url\" content=\"https:\/\/jlibusiness.com\/es\/client-testimonials\/\" \/>\n<meta property=\"og:site_name\" content=\"JL Integrated Business Services LLC\" \/>\n<meta property=\"article:modified_time\" content=\"2022-07-01T07:24:31+00:00\" \/>\n<meta property=\"og:image\" content=\"https:\/\/jlibusiness.com\/wp-content\/uploads\/2021\/07\/profile-man.png\" \/>\n\t<meta property=\"og:image:width\" content=\"225\" \/>\n\t<meta property=\"og:image:height\" content=\"225\" \/>\n\t<meta property=\"og:image:type\" content=\"image\/png\" \/>\n<meta name=\"twitter:card\" content=\"summary_large_image\" \/>\n<meta name=\"twitter:description\" content=\"[el_md_testimonial_extended use_slider=&quot;off&quot; number_of_columns=&quot;1&quot; testimonial_order=&quot;ASC&quot; include_categories=&quot;11&quot; _builder_version=&quot;4.16&quot; _module_preset=&quot;default&quot; global_colors_info=&quot;{}&quot;][\/el_md_testimonial_extended]\" \/>\n<script type=\"application\/ld+json\" class=\"yoast-schema-graph\">{\"@context\":\"https:\\\/\\\/schema.org\",\"@graph\":[{\"@type\":\"WebPage\",\"@id\":\"https:\\\/\\\/jlibusiness.com\\\/client-testimonials\\\/\",\"url\":\"https:\\\/\\\/jlibusiness.com\\\/client-testimonials\\\/\",\"name\":\"Testimonials - JL Integrated Business Services LLC\",\"isPartOf\":{\"@id\":\"https:\\\/\\\/jlibusiness.com\\\/#website\"},\"primaryImageOfPage\":{\"@id\":\"https:\\\/\\\/jlibusiness.com\\\/client-testimonials\\\/#primaryimage\"},\"image\":{\"@id\":\"https:\\\/\\\/jlibusiness.com\\\/client-testimonials\\\/#primaryimage\"},\"thumbnailUrl\":\"https:\\\/\\\/jlibusiness.com\\\/wp-content\\\/uploads\\\/2021\\\/07\\\/profile-man.png\",\"datePublished\":\"2022-03-05T14:36:01+00:00\",\"dateModified\":\"2022-07-01T07:24:31+00:00\",\"breadcrumb\":{\"@id\":\"https:\\\/\\\/jlibusiness.com\\\/client-testimonials\\\/#breadcrumb\"},\"inLanguage\":\"es\",\"potentialAction\":[{\"@type\":\"ReadAction\",\"target\":[\"https:\\\/\\\/jlibusiness.com\\\/client-testimonials\\\/\"]}]},{\"@type\":\"ImageObject\",\"inLanguage\":\"es\",\"@id\":\"https:\\\/\\\/jlibusiness.com\\\/client-testimonials\\\/#primaryimage\",\"url\":\"https:\\\/\\\/jlibusiness.com\\\/wp-content\\\/uploads\\\/2021\\\/07\\\/profile-man.png\",\"contentUrl\":\"https:\\\/\\\/jlibusiness.com\\\/wp-content\\\/uploads\\\/2021\\\/07\\\/profile-man.png\",\"width\":225,\"height\":225,\"caption\":\"Testimonials\"},{\"@type\":\"BreadcrumbList\",\"@id\":\"https:\\\/\\\/jlibusiness.com\\\/client-testimonials\\\/#breadcrumb\",\"itemListElement\":[{\"@type\":\"ListItem\",\"position\":1,\"name\":\"Home\",\"item\":\"https:\\\/\\\/jlibusiness.com\\\/\"},{\"@type\":\"ListItem\",\"position\":2,\"name\":\"Testimonials\"}]},{\"@type\":\"WebSite\",\"@id\":\"https:\\\/\\\/jlibusiness.com\\\/#website\",\"url\":\"https:\\\/\\\/jlibusiness.com\\\/\",\"name\":\"JL Integrated Business Services LLC\",\"description\":\"Bookkeeping, Accounting, AR, AP - Business Solutions\",\"publisher\":{\"@id\":\"https:\\\/\\\/jlibusiness.com\\\/#organization\"},\"potentialAction\":[{\"@type\":\"SearchAction\",\"target\":{\"@type\":\"EntryPoint\",\"urlTemplate\":\"https:\\\/\\\/jlibusiness.com\\\/?s={search_term_string}\"},\"query-input\":{\"@type\":\"PropertyValueSpecification\",\"valueRequired\":true,\"valueName\":\"search_term_string\"}}],\"inLanguage\":\"es\"},{\"@type\":\"Organization\",\"@id\":\"https:\\\/\\\/jlibusiness.com\\\/#organization\",\"name\":\"JL Integrated Business Services LLC\",\"url\":\"https:\\\/\\\/jlibusiness.com\\\/\",\"logo\":{\"@type\":\"ImageObject\",\"inLanguage\":\"es\",\"@id\":\"https:\\\/\\\/jlibusiness.com\\\/#\\\/schema\\\/logo\\\/image\\\/\",\"url\":\"https:\\\/\\\/www.jlibusiness.com\\\/wp-content\\\/uploads\\\/2022\\\/09\\\/JLIBSHeaderLogo200x125.png\",\"contentUrl\":\"https:\\\/\\\/www.jlibusiness.com\\\/wp-content\\\/uploads\\\/2022\\\/09\\\/JLIBSHeaderLogo200x125.png\",\"width\":200,\"height\":125,\"caption\":\"JL Integrated Business Services LLC\"},\"image\":{\"@id\":\"https:\\\/\\\/jlibusiness.com\\\/#\\\/schema\\\/logo\\\/image\\\/\"}}]}<\/script>\n<!-- \/ Yoast SEO plugin. -->","yoast_head_json":{"title":"Testimonials - JL Integrated Business Services LLC","robots":{"index":"index","follow":"follow","max-snippet":"max-snippet:-1","max-image-preview":"max-image-preview:large","max-video-preview":"max-video-preview:-1"},"canonical":"https:\/\/jlibusiness.com\/es\/client-testimonials\/","og_locale":"es_MX","og_type":"article","og_title":"Testimonials - JL Integrated Business Services LLC","og_url":"https:\/\/jlibusiness.com\/es\/client-testimonials\/","og_site_name":"JL Integrated Business Services LLC","article_modified_time":"2022-07-01T07:24:31+00:00","og_image":[{"width":225,"height":225,"url":"https:\/\/jlibusiness.com\/wp-content\/uploads\/2021\/07\/profile-man.png","type":"image\/png"}],"twitter_card":"summary_large_image","twitter_description":"[el_md_testimonial_extended use_slider=\"off\" number_of_columns=\"1\" testimonial_order=\"ASC\" include_categories=\"11\" _builder_version=\"4.16\" _module_preset=\"default\" global_colors_info=\"{}\"][\/el_md_testimonial_extended]","schema":{"@context":"https:\/\/schema.org","@graph":[{"@type":"WebPage","@id":"https:\/\/jlibusiness.com\/client-testimonials\/","url":"https:\/\/jlibusiness.com\/client-testimonials\/","name":"Testimonials - JL Integrated Business Services LLC","isPartOf":{"@id":"https:\/\/jlibusiness.com\/#website"},"primaryImageOfPage":{"@id":"https:\/\/jlibusiness.com\/client-testimonials\/#primaryimage"},"image":{"@id":"https:\/\/jlibusiness.com\/client-testimonials\/#primaryimage"},"thumbnailUrl":"https:\/\/jlibusiness.com\/wp-content\/uploads\/2021\/07\/profile-man.png","datePublished":"2022-03-05T14:36:01+00:00","dateModified":"2022-07-01T07:24:31+00:00","breadcrumb":{"@id":"https:\/\/jlibusiness.com\/client-testimonials\/#breadcrumb"},"inLanguage":"es","potentialAction":[{"@type":"ReadAction","target":["https:\/\/jlibusiness.com\/client-testimonials\/"]}]},{"@type":"ImageObject","inLanguage":"es","@id":"https:\/\/jlibusiness.com\/client-testimonials\/#primaryimage","url":"https:\/\/jlibusiness.com\/wp-content\/uploads\/2021\/07\/profile-man.png","contentUrl":"https:\/\/jlibusiness.com\/wp-content\/uploads\/2021\/07\/profile-man.png","width":225,"height":225,"caption":"Testimonials"},{"@type":"BreadcrumbList","@id":"https:\/\/jlibusiness.com\/client-testimonials\/#breadcrumb","itemListElement":[{"@type":"ListItem","position":1,"name":"Home","item":"https:\/\/jlibusiness.com\/"},{"@type":"ListItem","position":2,"name":"Testimonials"}]},{"@type":"WebSite","@id":"https:\/\/jlibusiness.com\/#website","url":"https:\/\/jlibusiness.com\/","name":"JL Integrated Business Services LLC","description":"Contabilidad, contabilidad, AR, AP - Soluciones de negocio","publisher":{"@id":"https:\/\/jlibusiness.com\/#organization"},"potentialAction":[{"@type":"SearchAction","target":{"@type":"EntryPoint","urlTemplate":"https:\/\/jlibusiness.com\/?s={search_term_string}"},"query-input":{"@type":"PropertyValueSpecification","valueRequired":true,"valueName":"search_term_string"}}],"inLanguage":"es"},{"@type":"Organization","@id":"https:\/\/jlibusiness.com\/#organization","name":"JL Integrated Business Services LLC","url":"https:\/\/jlibusiness.com\/","logo":{"@type":"ImageObject","inLanguage":"es","@id":"https:\/\/jlibusiness.com\/#\/schema\/logo\/image\/","url":"https:\/\/www.jlibusiness.com\/wp-content\/uploads\/2022\/09\/JLIBSHeaderLogo200x125.png","contentUrl":"https:\/\/www.jlibusiness.com\/wp-content\/uploads\/2022\/09\/JLIBSHeaderLogo200x125.png","width":200,"height":125,"caption":"JL Integrated Business Services LLC"},"image":{"@id":"https:\/\/jlibusiness.com\/#\/schema\/logo\/image\/"}}]}},"_links":{"self":[{"href":"https:\/\/jlibusiness.com\/es\/wp-json\/wp\/v2\/pages\/236667","targetHints":{"allow":["GET"]}}],"collection":[{"href":"https:\/\/jlibusiness.com\/es\/wp-json\/wp\/v2\/pages"}],"about":[{"href":"https:\/\/jlibusiness.com\/es\/wp-json\/wp\/v2\/types\/page"}],"author":[{"embeddable":true,"href":"https:\/\/jlibusiness.com\/es\/wp-json\/wp\/v2\/users\/1"}],"replies":[{"embeddable":true,"href":"https:\/\/jlibusiness.com\/es\/wp-json\/wp\/v2\/comments?post=236667"}],"version-history":[{"count":11,"href":"https:\/\/jlibusiness.com\/es\/wp-json\/wp\/v2\/pages\/236667\/revisions"}],"predecessor-version":[{"id":236864,"href":"https:\/\/jlibusiness.com\/es\/wp-json\/wp\/v2\/pages\/236667\/revisions\/236864"}],"wp:featuredmedia":[{"embeddable":true,"href":"https:\/\/jlibusiness.com\/es\/wp-json\/wp\/v2\/media\/6475"}],"wp:attachment":[{"href":"https:\/\/jlibusiness.com\/es\/wp-json\/wp\/v2\/media?parent=236667"}],"curies":[{"name":"wp","href":"https:\/\/api.w.org\/{rel}","templated":true}]}}